{"id":7950,"date":"2016-07-28T10:46:34","date_gmt":"2016-07-28T10:46:34","guid":{"rendered":"http:\/\/themicart.com\/interico-wp\/?page_id=15"},"modified":"2026-01-12T10:20:33","modified_gmt":"2026-01-12T10:20:33","slug":"about-us","status":"publish","type":"page","link":"https:\/\/yeeels.com\/en\/about-us","title":{"rendered":"recruitment"},"content":{"rendered":"<div class=\"vc_row wpb_row vc_row-fluid\"><div class=\"wpb_column vc_column_container vc_col-sm-12\"><div class=\"vc_column-inner\"><div class=\"wpb_wrapper\">\n\t<div class=\"wpb_text_column wpb_content_element\" >\n\t\t<div class=\"wpb_wrapper\">\n\t\t\t<h2 class=\"p1\" style=\"text-align: center;\"><i>Our best ambassador, <\/i><span class=\"s1\"><i>is you!<br \/>\n<\/i><\/span><i><br \/>\n<\/i><\/h2>\n<h3 class=\"p1\" style=\"text-align: center;\"><i>Become ambassadors of Yeeels Group<br \/>\n<\/i><i>Co-opt &amp; sponsor<\/i><\/h3>\n<p class=\"p4\" style=\"text-align: center;\"><i>Chefs, kitchen assistants, line chefs, head waiters or hostesses&#8230;<br \/>\n<\/i><i>Invite them to join the Yeeels Group family and take part in a great adventure !<\/i><\/p>\n<p class=\"p1\" style=\"text-align: center;\"><i>Send the CV to our HR service : <\/i><a href=\"mailto:rh@yeeels.com\"><i>rh@yeeels.com<\/i><\/a><\/p>\n<p class=\"p1\" style=\"text-align: center;\"><img loading=\"lazy\" decoding=\"async\" class=\"wp-image-14186 aligncenter\" src=\"https:\/\/yeeels.com\/wp-content\/uploads\/2026\/01\/linkedin2.png\" alt=\"\" width=\"48\" height=\"48\" srcset=\"https:\/\/yeeels.com\/wp-content\/uploads\/2026\/01\/linkedin2.png 225w, https:\/\/yeeels.com\/wp-content\/uploads\/2026\/01\/linkedin2-150x150.png 150w, https:\/\/yeeels.com\/wp-content\/uploads\/2026\/01\/linkedin2-12x12.png 12w, https:\/\/yeeels.com\/wp-content\/uploads\/2026\/01\/linkedin2-72x72.png 72w, https:\/\/yeeels.com\/wp-content\/uploads\/2026\/01\/linkedin2-100x100.png 100w\" sizes=\"auto, (max-width: 48px) 100vw, 48px\" \/><br \/>\n<a href=\"https:\/\/fr.linkedin.com\/company\/yeeels\"><i>https:\/\/fr.linkedin.com\/company\/yeeels<\/i><\/a><\/p>\n<h3 class=\"p3\" style=\"text-align: center;\"><i>For new project, please contact :<\/i><\/h3>\n<p class=\"p1\" style=\"text-align: center;\"><i>MAKSIM DIRGELA<\/i><\/p>\n<p class=\"p5\" style=\"text-align: center;\"><i>+971 56 675 6965<\/i><\/p>\n<p class=\"p6\" style=\"text-align: center;\"><i>maksim.dirgela@yeeels.com<\/i><\/p>\n\n\t\t<\/div>\n\t<\/div>\n<\/div><\/div><\/div><\/div><div class=\"vc_row wpb_row vc_row-fluid\"><div class=\"wpb_column vc_column_container vc_col-sm-12\"><div class=\"vc_column-inner\"><div class=\"wpb_wrapper\"><div class=\"vc_empty_space\"   style=\"height: 32px\" ><span class=\"vc_empty_space_inner\"><\/span><\/div>\n<\/div><\/div><\/div><\/div><div data-vc-full-width=\"true\" data-vc-full-width-init=\"false\" class=\"vc_row wpb_row vc_row-fluid vc_custom_1534167642986 vc_row-has-fill\"><div class=\"wpb_column vc_column_container vc_col-sm-12\"><div class=\"vc_column-inner\"><div class=\"wpb_wrapper\"><span class=\"subtitle dash-false style-light text-center\">job offers<\/span>\n\t<div class=\"wpb_text_column wpb_content_element\" >\n\t\t<div class=\"wpb_wrapper\">\n\t\t\t<h2 style=\"text-align: center;\"><span style=\"color: #ffffff;\">We are currently looking for<\/span><\/h2>\n\n\t\t<\/div>\n\t<\/div>\n<div class=\"dash style-light centered\"><\/div><div class=\"vc_row wpb_row vc_inner vc_row-fluid vc_custom_1537429494706\"><div class=\"wpb_column vc_column_container vc_col-sm-3\"><div class=\"vc_column-inner\"><div class=\"wpb_wrapper\"><div class=\"team-member light\"><div class=\"content-box\"><div class=\"image-container\"><div class=\"member-details\"><hr><span class=\"member-info\">leader of men and organizer, you know how to recognize your authority, create and maintain the cohesion and motivation of a team.<\/span><hr><\/div><div class=\"side-overlay\"><\/div><div class=\"vertical-number-box\"><span class=\"vertical-number\">Mamamia Paris<\/span><\/div><img decoding=\"async\" src=\"https:\/\/yeeels.com\/wp-content\/uploads\/2019\/01\/yeeels-recrutement-chefexecutif.jpg\" alt=\"Chef de Cuisine\"><\/div><div class=\"content-box-info\"><h4>Chef<\/h4><\/div><\/div><\/div><\/div><\/div><\/div><div class=\"wpb_column vc_column_container vc_col-sm-3\"><div class=\"vc_column-inner\"><div class=\"wpb_wrapper\"><div class=\"team-member light\"><div class=\"content-box\"><div class=\"image-container\"><div class=\"member-details\"><hr><span class=\"member-info\">The opening of the beach restaurant is fast approaching. For that we are looking for, executive chef, party manager, clerk, manager, waiters &amp; hostess.<\/span><hr><\/div><div class=\"side-overlay\"><\/div><div class=\"vertical-number-box\"><span class=\"vertical-number\">Verde Megeve<\/span><\/div><img decoding=\"async\" src=\"https:\/\/yeeels.com\/wp-content\/uploads\/2019\/01\/yeeels-recrutement-globale.jpg\" alt=\"Chef, Serveurs &amp; H\u00f4tesses\"><\/div><div class=\"content-box-info\"><h4>Chef, Servers &amp; Hostesses<\/h4><\/div><\/div><\/div><\/div><\/div><\/div><div class=\"wpb_column vc_column_container vc_col-sm-3\"><div class=\"vc_column-inner\"><div class=\"wpb_wrapper\"><div class=\"team-member light\"><div class=\"content-box\"><div class=\"image-container\"><div class=\"member-details\"><hr><span class=\"member-info\">The opening of the modern bistro in Dubai is coming soon. For that we are looking for, executive chef, party manager, clerk, manager, waiters &amp; hostess.<\/span><hr><\/div><div class=\"side-overlay\"><\/div><div class=\"vertical-number-box\"><span class=\"vertical-number\">Mamamia Paris<\/span><\/div><img decoding=\"async\" src=\"https:\/\/yeeels.com\/wp-content\/uploads\/2019\/01\/yeeels-recrutement-commis.jpg\" alt=\"Serveurs &amp; H\u00f4tesses\"><\/div><div class=\"content-box-info\"><h4>Serveurs &amp; H\u00f4tesses<\/h4><\/div><\/div><\/div><\/div><\/div><\/div><div class=\"wpb_column vc_column_container vc_col-sm-3\"><div class=\"vc_column-inner\"><div class=\"wpb_wrapper\"><div class=\"team-member light\"><div class=\"content-box\"><div class=\"image-container\"><div class=\"member-details\"><hr><span class=\"member-info\">The opening of the festive Verde restaurant in Dubai is coming soon. For that we are looking for, executive chef, party manager, clerk, manager, waiters &amp; hostess.<\/span><hr><\/div><div class=\"side-overlay\"><\/div><div class=\"vertical-number-box\"><span class=\"vertical-number\">Verde Duba\u00ef<\/span><\/div><img decoding=\"async\" src=\"https:\/\/yeeels.com\/wp-content\/uploads\/2019\/01\/yeeels-recrutement-globale2.jpg\" alt=\"Chef, Serveurs &amp; H\u00f4tesses\"><\/div><div class=\"content-box-info\"><h4>Chef, Servers &amp; Hostesses<\/h4><\/div><\/div><\/div><\/div><\/div><\/div><\/div><\/div><\/div><\/div><\/div><div class=\"vc_row-full-width vc_clearfix\"><\/div><div class=\"vc_row wpb_row vc_row-fluid\"><div class=\"wpb_column vc_column_container vc_col-sm-12\"><div class=\"vc_column-inner\"><div class=\"wpb_wrapper\"><div class=\"vc_empty_space\"   style=\"height: 32px\" ><span class=\"vc_empty_space_inner\"><\/span><\/div>\n<\/div><\/div><\/div><\/div><div class=\"vc_row wpb_row vc_row-fluid vc_custom_1536842181479 vc_column-gap-15\"><div class=\"wpb_column vc_column_container vc_col-sm-4\"><div class=\"vc_column-inner\"><div class=\"wpb_wrapper\">\n\t<div class=\"wpb_text_column wpb_content_element\" >\n\t\t<div class=\"wpb_wrapper\">\n\t\t\t<h2>Our strength ?<br \/>\nOur Teams!<\/h2>\n\n\t\t<\/div>\n\t<\/div>\n<div class=\"dash style-dark default\"><\/div><\/div><\/div><\/div><div class=\"wpb_column vc_column_container vc_col-sm-4\"><div class=\"vc_column-inner\"><div class=\"wpb_wrapper\">\n\t<div class=\"wpb_text_column wpb_content_element\" >\n\t\t<div class=\"wpb_wrapper\">\n\t\t\t<p>In the restaurant and service, the biggest success factor is our team. On constant watch, to research, attract, hire, sponsor and provide growth opportunities to people driven by dynamic hosting.<\/p>\n\n\t\t<\/div>\n\t<\/div>\n<\/div><\/div><\/div><div class=\"wpb_column vc_column_container vc_col-sm-4\"><div class=\"vc_column-inner\"><div class=\"wpb_wrapper\">\n\t<div class=\"wpb_text_column wpb_content_element\" >\n\t\t<div class=\"wpb_wrapper\">\n\t\t\t<p>Our employees, whatever the trades, demonstrate professionalism, a positive state of mind<\/p>\n<p>If you a lover of service trades, restaurantion and hospitality,<br \/>\nThe Job is yours!<\/p>\n\n\t\t<\/div>\n\t<\/div>\n<\/div><\/div><\/div><\/div><div class=\"vc_row wpb_row vc_row-fluid vc_custom_1534856978934 vc_row-o-content-middle vc_row-flex\"><div class=\"wpb_column vc_column_container vc_col-sm-6\"><div class=\"vc_column-inner\"><div class=\"wpb_wrapper\"><div class=\"vc_row wpb_row vc_inner vc_row-fluid overlap-right\"><div class=\"shadow-box wpb_column vc_column_container vc_col-sm-12\"><div class=\"vc_column-inner\"><div class=\"wpb_wrapper\"><span class=\"subtitle dash-false style-dark text-default\">you search a job in<\/span>\n\t<div class=\"wpb_text_column wpb_content_element\" >\n\t\t<div class=\"wpb_wrapper\">\n\t\t\t<h2>the Kitchen<\/h2>\n\n\t\t<\/div>\n\t<\/div>\n<div class=\"dash style-dark default\"><\/div>\n\t<div class=\"wpb_text_column wpb_content_element\" >\n\t\t<div class=\"wpb_wrapper\">\n\t\t\t<p>Full-time or part-time, many positions are available on permanent and fixed-term contracts.<\/p>\n<ul>\n<li><strong>Chef:<\/strong> leader of men and organizer, you know how to recognize your authority, create and maintain the cohesion and motivation of a team.<\/li>\n<li><strong>Head-Chef of Party:<\/strong> confirmed, you will have a specific responsibility within a kitchen, for example sauces or meat (<b>\"saucier\"<\/b>) the fish (<b>fishmonger<\/b>).<\/li>\n<li><strong>Officer:\u00a0<\/strong>Under the authority of the chef and \/ or the chef you will have the main task of ensuring the establishment of the kitchen service.<\/li>\n<\/ul>\n\n\t\t<\/div>\n\t<\/div>\n<\/div><\/div><\/div><\/div><\/div><\/div><\/div><div class=\"wpb_column vc_column_container vc_col-sm-6\"><div class=\"vc_column-inner\"><div class=\"wpb_wrapper\">\n\t<div  class=\"wpb_single_image wpb_content_element vc_align_left\">\n\t\t\n\t\t<figure class=\"wpb_wrapper vc_figure\">\n\t\t\t<a href=\"https:\/\/yeeels.com\/wp-content\/uploads\/2019\/01\/yeeels-recrutement-cuisine.jpg\" target=\"_self\" class=\"vc_single_image-wrapper   vc_box_border_grey\"><img loading=\"lazy\" decoding=\"async\" width=\"700\" height=\"900\" src=\"https:\/\/yeeels.com\/wp-content\/uploads\/2019\/01\/yeeels-recrutement-cuisine.jpg\" class=\"vc_single_image-img attachment-full\" alt=\"\" srcset=\"https:\/\/yeeels.com\/wp-content\/uploads\/2019\/01\/yeeels-recrutement-cuisine.jpg 700w, https:\/\/yeeels.com\/wp-content\/uploads\/2019\/01\/yeeels-recrutement-cuisine-600x771.jpg 600w\" sizes=\"auto, (max-width: 700px) 100vw, 700px\" \/><\/a>\n\t\t<\/figure>\n\t<\/div>\n<\/div><\/div><\/div><\/div><div class=\"vc_row wpb_row vc_row-fluid vc_custom_1537429589105\"><div class=\"wpb_column vc_column_container vc_col-sm-6\"><div class=\"vc_column-inner\"><div class=\"wpb_wrapper\">\n\t<div  class=\"wpb_single_image wpb_content_element vc_align_left\">\n\t\t\n\t\t<figure class=\"wpb_wrapper vc_figure\">\n\t\t\t<a href=\"https:\/\/yeeels.com\/wp-content\/uploads\/2019\/01\/yeeels-recrutement-salle.jpg\" target=\"_self\" class=\"vc_single_image-wrapper   vc_box_border_grey\"><img loading=\"lazy\" decoding=\"async\" width=\"700\" height=\"900\" src=\"https:\/\/yeeels.com\/wp-content\/uploads\/2019\/01\/yeeels-recrutement-salle.jpg\" class=\"vc_single_image-img attachment-full\" alt=\"\" srcset=\"https:\/\/yeeels.com\/wp-content\/uploads\/2019\/01\/yeeels-recrutement-salle.jpg 700w, https:\/\/yeeels.com\/wp-content\/uploads\/2019\/01\/yeeels-recrutement-salle-600x771.jpg 600w\" sizes=\"auto, (max-width: 700px) 100vw, 700px\" \/><\/a>\n\t\t<\/figure>\n\t<\/div>\n<\/div><\/div><\/div><div class=\"wpb_column vc_column_container vc_col-sm-6\"><div class=\"vc_column-inner\"><div class=\"wpb_wrapper\"><div class=\"vc_row wpb_row vc_inner vc_row-fluid overlap-left\"><div class=\"shadow-box wpb_column vc_column_container vc_col-sm-12\"><div class=\"vc_column-inner\"><div class=\"wpb_wrapper\"><span class=\"subtitle dash-false style-dark text-default\">You search a job in<\/span>\n\t<div class=\"wpb_text_column wpb_content_element\" >\n\t\t<div class=\"wpb_wrapper\">\n\t\t\t<h2>the Dining room<\/h2>\n\n\t\t<\/div>\n\t<\/div>\n<div class=\"dash style-dark default\"><\/div>\n\t<div class=\"wpb_text_column wpb_content_element\" >\n\t\t<div class=\"wpb_wrapper\">\n\t\t\t\n\t\t<\/div>\n\t<\/div>\n\n\t<div class=\"wpb_text_column wpb_content_element\" >\n\t\t<div class=\"wpb_wrapper\">\n\t\t\t<ul class=\"nav nav-tabs style-accent light\" id=\"custom-tabs-90\"><li class=\"active\"><a href=\"#custom-tab-0-Chef-Hotesse\"  data-toggle=\"tab\">Hostess<\/a><\/li><li><a href=\"#custom-tab-0-Serveures\"  data-toggle=\"tab\">Servers<\/a><\/li><li><a href=\"#custom-tab-0-Manager\"  data-toggle=\"tab\">Manager<\/a><\/li><\/ul><div class=\"tab-content style-accent\"><div id=\"custom-tab-0-Chef-Hotesse\" class=\"tab-pane animated fadeIn active\">You are the ambassador of the quality of service of our establishment being the first contact of the customer with our establishment\n<ul>\n<li>You are the ambassador of the quality of service of our establishment<\/li>\n<li>Welcome and accompany the client from his arrival to his departure<\/li>\n<li>Keeping track of customers' well-being are part of your priorities and goals.<\/li>\n<\/ul>\n<p><\/p><\/div><div id=\"custom-tab-0-Serveures\" class=\"tab-pane animated fadeIn\">Qualified employee, with solid experience in catering, hospitality, or any other hospitality establishment. Serving customers you will therefore have several roles, complementary to those of butler.\n<ul>\n<li>Sense of hospitality and service.<\/li>\n<li>Fast and effective.<\/li>\n<li>With a smile \ud83d\ude09<\/li>\n<\/ul>\n<p><\/p><\/div><div id=\"custom-tab-0-Manager\" class=\"tab-pane animated fadeIn\">Vous avez un sens in\u00e9e du management avec une solide exp\u00e9rience dans des \u00e9tablissements de restauration haut de gamme ?\n<p>Le Job est pour vous !<\/p>\n<ul>\n<li>Organisation &amp; planning.<\/li>\n<li>Gestion des \u00e9quipes.<\/li>\n<li>Garantir la satisfaction du client.<\/li>\n<li>Respects des normes d&rsquo;hygi\u00e8ne HCCP<\/li>\n<\/ul>\n<p><\/p><\/div><\/div>\n\n\t\t<\/div>\n\t<\/div>\n<\/div><\/div><\/div><\/div><\/div><\/div><\/div><\/div><div class=\"vc_row wpb_row vc_row-fluid spaced-top\"><div class=\"wpb_column vc_column_container vc_col-sm-12\"><div class=\"vc_column-inner\"><div class=\"wpb_wrapper\">\n\t<div class=\"wpb_text_column wpb_content_element\" >\n\t\t<div class=\"wpb_wrapper\">\n\t\t\t<h2 style=\"text-align: center;\"><strong>If you want to join our teams,<br \/>\nsend your CV and cover letter here<\/strong><\/h2>\n\n\t\t<\/div>\n\t<\/div>\n\n<div class=\"wpcf7 no-js\" id=\"wpcf7-f6793-o1\" lang=\"en-US\" dir=\"ltr\" data-wpcf7-id=\"6793\">\n<div class=\"screen-reader-response\"><p role=\"status\" aria-live=\"polite\" aria-atomic=\"true\"><\/p> <ul><\/ul><\/div>\n<form action=\"\/en\/wp-json\/wp\/v2\/pages\/7950#wpcf7-f6793-o1\" method=\"post\" class=\"wpcf7-form init\" aria-label=\"Contact form\" novalidate=\"novalidate\" data-status=\"init\" data-trp-original-action=\"\/en\/wp-json\/wp\/v2\/pages\/7950#wpcf7-f6793-o1\">\n<fieldset class=\"hidden-fields-container\"><input type=\"hidden\" name=\"_wpcf7\" value=\"6793\" \/><input type=\"hidden\" name=\"_wpcf7_version\" value=\"6.1.4\" \/><input type=\"hidden\" name=\"_wpcf7_locale\" value=\"en_US\" \/><input type=\"hidden\" name=\"_wpcf7_unit_tag\" value=\"wpcf7-f6793-o1\" \/><input type=\"hidden\" name=\"_wpcf7_container_post\" value=\"0\" \/><input type=\"hidden\" name=\"_wpcf7_posted_data_hash\" value=\"\" \/>\n<\/fieldset>\n<p><span class=\"wpcf7-form-control-wrap\" data-name=\"your-name\"><input size=\"40\" maxlength=\"400\" class=\"wpcf7-form-control wpcf7-text wpcf7-validates-as-required\" aria-required=\"true\" aria-invalid=\"false\" placeholder=\"Name\" value=\"\" type=\"text\" name=\"your-name\" \/><\/span>\n<\/p>\n<p><span class=\"wpcf7-form-control-wrap\" data-name=\"your-email\"><input size=\"40\" maxlength=\"400\" class=\"wpcf7-form-control wpcf7-email wpcf7-validates-as-required wpcf7-text wpcf7-validates-as-email\" aria-required=\"true\" aria-invalid=\"false\" placeholder=\"Email\" value=\"\" type=\"email\" name=\"your-email\" \/><\/span>\n<\/p>\n<p><span class=\"wpcf7-form-control-wrap\" data-name=\"your-subject\"><input size=\"40\" maxlength=\"400\" class=\"wpcf7-form-control wpcf7-text wpcf7-validates-as-required\" aria-required=\"true\" aria-invalid=\"false\" placeholder=\"Subject\" value=\"\" type=\"text\" name=\"your-subject\" \/><\/span>\n<\/p>\n<p><span class=\"wpcf7-form-control-wrap\" data-name=\"your-message\"><textarea cols=\"5\" rows=\"1\" maxlength=\"2000\" class=\"wpcf7-form-control wpcf7-textarea wpcf7-validates-as-required\" aria-required=\"true\" aria-invalid=\"false\" placeholder=\"Hello, I am interested in...\" name=\"your-message\"><\/textarea><\/span>\n<\/p>\n<p><input class=\"wpcf7-form-control wpcf7-submit has-spinner\" type=\"submit\" value=\"Send\" \/>\n<\/p><div class=\"wpcf7-response-output\" aria-hidden=\"true\"><\/div>\n<input type=\"hidden\" name=\"trp-form-language\" value=\"en\"\/><\/form>\n<\/div>\n<\/div><\/div><\/div><\/div>","protected":false},"excerpt":{"rendered":"Our best ambassador, is you! Become ambassadors of Yeeels Group Co-opt &amp; sponsor Chefs, kitchen assistants, line chefs, head waiters or hostesses... Invite them to join the Yeeels Group family and take part in a great adventure ! Send the CV to our HR service : rh@yeeels.com https:\/\/fr.linkedin.com\/company\/yeeels For new project, please contact : MAKSIM [...]","protected":false},"author":1,"featured_media":0,"parent":0,"menu_order":0,"comment_status":"closed","ping_status":"closed","template":"","meta":{"footnotes":""},"class_list":["post-7950","page","type-page","status-publish","hentry"],"yoast_head":"<!-- This site is optimized with the Yoast SEO plugin v26.6 - https:\/\/yoast.com\/wordpress\/plugins\/seo\/ -->\n<title>RECRUTEMENT - Yeeels group<\/title>\n<meta name=\"robots\" content=\"index, follow, max-snippet:-1, max-image-preview:large, max-video-preview:-1\" \/>\n<link rel=\"canonical\" href=\"https:\/\/yeeels.com\/en\/about-us\/\" \/>\n<meta property=\"og:locale\" content=\"en_GB\" \/>\n<meta property=\"og:type\" content=\"article\" \/>\n<meta property=\"og:title\" content=\"RECRUTEMENT - Yeeels group\" \/>\n<meta property=\"og:url\" content=\"https:\/\/yeeels.com\/en\/about-us\/\" \/>\n<meta property=\"og:site_name\" content=\"Yeeels group\" \/>\n<meta property=\"article:modified_time\" content=\"2026-01-12T10:20:33+00:00\" \/>\n<meta property=\"og:image\" content=\"https:\/\/yeeels.com\/wp-content\/uploads\/2026\/01\/linkedin2.png\" \/>\n\t<meta property=\"og:image:width\" content=\"225\" \/>\n\t<meta property=\"og:image:height\" content=\"225\" \/>\n\t<meta property=\"og:image:type\" content=\"image\/png\" \/>\n<meta name=\"twitter:card\" content=\"summary_large_image\" \/>\n<meta name=\"twitter:label1\" content=\"Estimated reading time\" \/>\n\t<meta name=\"twitter:data1\" content=\"4 minutes\" \/>\n<script type=\"application\/ld+json\" class=\"yoast-schema-graph\">{\"@context\":\"https:\/\/schema.org\",\"@graph\":[{\"@type\":\"WebPage\",\"@id\":\"https:\/\/yeeels.com\/about-us\",\"url\":\"https:\/\/yeeels.com\/about-us\",\"name\":\"RECRUTEMENT - Yeeels group\",\"isPartOf\":{\"@id\":\"https:\/\/yeeels.com\/en\/#website\"},\"primaryImageOfPage\":{\"@id\":\"https:\/\/yeeels.com\/about-us#primaryimage\"},\"image\":{\"@id\":\"https:\/\/yeeels.com\/about-us#primaryimage\"},\"thumbnailUrl\":\"https:\/\/yeeels.com\/wp-content\/uploads\/2026\/01\/linkedin2.png\",\"datePublished\":\"2016-07-28T10:46:34+00:00\",\"dateModified\":\"2026-01-12T10:20:33+00:00\",\"breadcrumb\":{\"@id\":\"https:\/\/yeeels.com\/about-us#breadcrumb\"},\"inLanguage\":\"en-GB\",\"potentialAction\":[{\"@type\":\"ReadAction\",\"target\":[\"https:\/\/yeeels.com\/about-us\"]}]},{\"@type\":\"ImageObject\",\"inLanguage\":\"en-GB\",\"@id\":\"https:\/\/yeeels.com\/about-us#primaryimage\",\"url\":\"https:\/\/yeeels.com\/wp-content\/uploads\/2026\/01\/linkedin2.png\",\"contentUrl\":\"https:\/\/yeeels.com\/wp-content\/uploads\/2026\/01\/linkedin2.png\"},{\"@type\":\"BreadcrumbList\",\"@id\":\"https:\/\/yeeels.com\/about-us#breadcrumb\",\"itemListElement\":[{\"@type\":\"ListItem\",\"position\":1,\"name\":\"Home\",\"item\":\"https:\/\/yeeels.com\/\"},{\"@type\":\"ListItem\",\"position\":2,\"name\":\"RECRUTEMENT\"}]},{\"@type\":\"WebSite\",\"@id\":\"https:\/\/yeeels.com\/en\/#website\",\"url\":\"https:\/\/yeeels.com\/en\/\",\"name\":\"Yeeels group\",\"description\":\"Cr\u00e9ateur de lieux uniques.\",\"potentialAction\":[{\"@type\":\"SearchAction\",\"target\":{\"@type\":\"EntryPoint\",\"urlTemplate\":\"https:\/\/yeeels.com\/en\/?s={search_term_string}\"},\"query-input\":{\"@type\":\"PropertyValueSpecification\",\"valueRequired\":true,\"valueName\":\"search_term_string\"}}],\"inLanguage\":\"en-GB\"}]}<\/script>\n<!-- \/ Yoast SEO plugin. -->","yoast_head_json":{"title":"RECRUTEMENT - Yeeels group","robots":{"index":"index","follow":"follow","max-snippet":"max-snippet:-1","max-image-preview":"max-image-preview:large","max-video-preview":"max-video-preview:-1"},"canonical":"https:\/\/yeeels.com\/en\/about-us\/","og_locale":"en_GB","og_type":"article","og_title":"RECRUTEMENT - Yeeels group","og_url":"https:\/\/yeeels.com\/en\/about-us\/","og_site_name":"Yeeels group","article_modified_time":"2026-01-12T10:20:33+00:00","og_image":[{"width":225,"height":225,"url":"https:\/\/yeeels.com\/wp-content\/uploads\/2026\/01\/linkedin2.png","type":"image\/png"}],"twitter_card":"summary_large_image","twitter_misc":{"Estimated reading time":"4 minutes"},"schema":{"@context":"https:\/\/schema.org","@graph":[{"@type":"WebPage","@id":"https:\/\/yeeels.com\/about-us","url":"https:\/\/yeeels.com\/about-us","name":"RECRUTEMENT - Yeeels group","isPartOf":{"@id":"https:\/\/yeeels.com\/en\/#website"},"primaryImageOfPage":{"@id":"https:\/\/yeeels.com\/about-us#primaryimage"},"image":{"@id":"https:\/\/yeeels.com\/about-us#primaryimage"},"thumbnailUrl":"https:\/\/yeeels.com\/wp-content\/uploads\/2026\/01\/linkedin2.png","datePublished":"2016-07-28T10:46:34+00:00","dateModified":"2026-01-12T10:20:33+00:00","breadcrumb":{"@id":"https:\/\/yeeels.com\/about-us#breadcrumb"},"inLanguage":"en-GB","potentialAction":[{"@type":"ReadAction","target":["https:\/\/yeeels.com\/about-us"]}]},{"@type":"ImageObject","inLanguage":"en-GB","@id":"https:\/\/yeeels.com\/about-us#primaryimage","url":"https:\/\/yeeels.com\/wp-content\/uploads\/2026\/01\/linkedin2.png","contentUrl":"https:\/\/yeeels.com\/wp-content\/uploads\/2026\/01\/linkedin2.png"},{"@type":"BreadcrumbList","@id":"https:\/\/yeeels.com\/about-us#breadcrumb","itemListElement":[{"@type":"ListItem","position":1,"name":"Home","item":"https:\/\/yeeels.com\/"},{"@type":"ListItem","position":2,"name":"RECRUTEMENT"}]},{"@type":"WebSite","@id":"https:\/\/yeeels.com\/en\/#website","url":"https:\/\/yeeels.com\/en\/","name":"Yeeels group","description":"Cr\u00e9ateur de lieux uniques.","potentialAction":[{"@type":"SearchAction","target":{"@type":"EntryPoint","urlTemplate":"https:\/\/yeeels.com\/en\/?s={search_term_string}"},"query-input":{"@type":"PropertyValueSpecification","valueRequired":true,"valueName":"search_term_string"}}],"inLanguage":"en-GB"}]}},"_links":{"self":[{"href":"https:\/\/yeeels.com\/en\/wp-json\/wp\/v2\/pages\/7950","targetHints":{"allow":["GET"]}}],"collection":[{"href":"https:\/\/yeeels.com\/en\/wp-json\/wp\/v2\/pages"}],"about":[{"href":"https:\/\/yeeels.com\/en\/wp-json\/wp\/v2\/types\/page"}],"author":[{"embeddable":true,"href":"https:\/\/yeeels.com\/en\/wp-json\/wp\/v2\/users\/1"}],"replies":[{"embeddable":true,"href":"https:\/\/yeeels.com\/en\/wp-json\/wp\/v2\/comments?post=7950"}],"version-history":[{"count":20,"href":"https:\/\/yeeels.com\/en\/wp-json\/wp\/v2\/pages\/7950\/revisions"}],"predecessor-version":[{"id":14190,"href":"https:\/\/yeeels.com\/en\/wp-json\/wp\/v2\/pages\/7950\/revisions\/14190"}],"wp:attachment":[{"href":"https:\/\/yeeels.com\/en\/wp-json\/wp\/v2\/media?parent=7950"}],"curies":[{"name":"wp","href":"https:\/\/api.w.org\/{rel}","templated":true}]}}