{"id":9297,"date":"2018-03-27T13:46:26","date_gmt":"2018-03-27T13:46:26","guid":{"rendered":"https:\/\/www.demo.themicart.com\/interico-wp\/?page_id=9297"},"modified":"2025-12-29T15:57:44","modified_gmt":"2025-12-29T15:57:44","slug":"verdebeach","status":"publish","type":"page","link":"https:\/\/yeeels.com\/en\/services\/verdebeach","title":{"rendered":"Verde Beach"},"content":{"rendered":"<div class=\"vc_row wpb_row vc_row-fluid spaced-bot vc_column-gap-15\"><div class=\"wpb_column vc_column_container vc_col-sm-4\"><div class=\"vc_column-inner\"><div class=\"wpb_wrapper\">\n\t<div class=\"wpb_text_column wpb_content_element  animate\" >\n\t\t<div class=\"wpb_wrapper\">\n\t\t\t<h2>The one &amp; only festive beach in st Tropez<\/h2>\n\n\t\t<\/div>\n\t<\/div>\n<span class=\"subtitle dash-true style-dark text-default\">Verde Beach<\/span><\/div><\/div><\/div><div class=\"animate animate-1 wpb_column vc_column_container vc_col-sm-4\"><div class=\"vc_column-inner\"><div class=\"wpb_wrapper\">\n\t<div class=\"wpb_text_column wpb_content_element\" >\n\t\t<div class=\"wpb_wrapper\">\n\t\t\t<p>A new restaurant beach club is coming at Pampelonne beach.<\/p>\n<p>Verde beach is located at Route de l'\u00e9pi, 83350 Ramatuelle<\/p>\n\n\t\t<\/div>\n\t<\/div>\n<\/div><\/div><\/div><div class=\"wpb_column vc_column_container vc_col-sm-4\"><div class=\"vc_column-inner\"><div class=\"wpb_wrapper\">\n\t<div class=\"wpb_text_column wpb_content_element\" >\n\t\t<div class=\"wpb_wrapper\">\n\t\t\t<p>The Mediterranean\u00a0<b>inspired menu, <\/b>saura r\u00e9galer tout le monde !<\/p>\n<p>The Chef<b> Julien Lee Thibault <\/b>will introduce you <b>to regional and seasonal products.<\/b><\/p>\n\n\t\t<\/div>\n\t<\/div>\n<\/div><\/div><\/div><\/div><div data-vc-full-width=\"true\" data-vc-full-width-init=\"false\" class=\"vc_row wpb_row vc_row-fluid vc_custom_1536841696293 vc_row-has-fill\"><div class=\"animate wpb_column vc_column_container vc_col-sm-12\"><div class=\"vc_column-inner\"><div class=\"wpb_wrapper\"><!-- vc_grid start -->\n<div class=\"vc_grid-container-wrapper vc_clearfix\" >\n\t<div class=\"vc_grid-container vc_clearfix wpb_content_element vc_media_grid\" data-initial-loading-animation=\"fadeIn\" data-vc-grid-settings=\"{&quot;page_id&quot;:9297,&quot;style&quot;:&quot;all&quot;,&quot;action&quot;:&quot;vc_get_vc_grid_data&quot;,&quot;shortcode_id&quot;:&quot;{\\&quot;failed_to_get_id\\&quot;:\\&quot;vc_gid:1767023366566-f6560de2-51fb-0\\&quot;}&quot;,&quot;tag&quot;:&quot;vc_media_grid&quot;}\" data-vc-request=\"https:\/\/yeeels.com\/wp-admin\/admin-ajax.php\" data-vc-post-id=\"9297\" data-vc-public-nonce=\"c2fbdb902e\">\n\t\t\t<\/div>\n<\/div><!-- vc_grid end -->\n<\/div><\/div><\/div><\/div><div class=\"vc_row-full-width vc_clearfix\"><\/div>","protected":false},"excerpt":{"rendered":"Le nouveau Hot spot de Pampelonne Verde Beach Une nouvelle plage vient d'\u00e9clore \u00e0 Ramatuelle. Le restaurant plage Verde beach se trouve route de l'\u00e9pi, sur la c\u00e9l\u00e8bre plage de Pampelonne La carte r\u00e9alis\u00e9e\u00a0d'inspiration m\u00e9diterran\u00e9enne, saura r\u00e9galer tout le monde ! Le chef Julien Lee Thibault vous fera d\u00e9couvrir les produits de r\u00e9gions et de [...]","protected":false},"author":1,"featured_media":13707,"parent":44,"menu_order":0,"comment_status":"closed","ping_status":"closed","template":"","meta":{"footnotes":""},"class_list":["post-9297","page","type-page","status-publish","has-post-thumbnail","hentry"],"yoast_head":"<!-- This site is optimized with the Yoast SEO plugin v26.6 - https:\/\/yoast.com\/wordpress\/plugins\/seo\/ -->\n<title>Verde Beach - Yeeels group<\/title>\n<meta name=\"robots\" content=\"index, follow, max-snippet:-1, max-image-preview:large, max-video-preview:-1\" \/>\n<link rel=\"canonical\" href=\"https:\/\/yeeels.com\/en\/services\/verdebeach\/\" \/>\n<meta property=\"og:locale\" content=\"en_GB\" \/>\n<meta property=\"og:type\" content=\"article\" \/>\n<meta property=\"og:title\" content=\"Verde Beach - Yeeels group\" \/>\n<meta property=\"og:url\" content=\"https:\/\/yeeels.com\/en\/services\/verdebeach\/\" \/>\n<meta property=\"og:site_name\" content=\"Yeeels group\" \/>\n<meta property=\"article:modified_time\" content=\"2025-12-29T15:57:44+00:00\" \/>\n<meta property=\"og:image\" content=\"https:\/\/yeeels.com\/wp-content\/uploads\/2019\/04\/02lesdunes-yeeels.jpg\" \/>\n\t<meta property=\"og:image:width\" content=\"360\" \/>\n\t<meta property=\"og:image:height\" content=\"500\" \/>\n\t<meta property=\"og:image:type\" content=\"image\/jpeg\" \/>\n<meta name=\"twitter:card\" content=\"summary_large_image\" \/>\n<meta name=\"twitter:label1\" content=\"Estimated reading time\" \/>\n\t<meta name=\"twitter:data1\" content=\"1 minute\" \/>\n<script type=\"application\/ld+json\" class=\"yoast-schema-graph\">{\"@context\":\"https:\/\/schema.org\",\"@graph\":[{\"@type\":\"WebPage\",\"@id\":\"https:\/\/yeeels.com\/services\/verdebeach\",\"url\":\"https:\/\/yeeels.com\/services\/verdebeach\",\"name\":\"Verde Beach - Yeeels group\",\"isPartOf\":{\"@id\":\"https:\/\/yeeels.com\/en\/#website\"},\"primaryImageOfPage\":{\"@id\":\"https:\/\/yeeels.com\/services\/verdebeach#primaryimage\"},\"image\":{\"@id\":\"https:\/\/yeeels.com\/services\/verdebeach#primaryimage\"},\"thumbnailUrl\":\"https:\/\/yeeels.com\/wp-content\/uploads\/2019\/04\/02lesdunes-yeeels.jpg\",\"datePublished\":\"2018-03-27T13:46:26+00:00\",\"dateModified\":\"2025-12-29T15:57:44+00:00\",\"breadcrumb\":{\"@id\":\"https:\/\/yeeels.com\/services\/verdebeach#breadcrumb\"},\"inLanguage\":\"en-GB\",\"potentialAction\":[{\"@type\":\"ReadAction\",\"target\":[\"https:\/\/yeeels.com\/services\/verdebeach\"]}]},{\"@type\":\"ImageObject\",\"inLanguage\":\"en-GB\",\"@id\":\"https:\/\/yeeels.com\/services\/verdebeach#primaryimage\",\"url\":\"https:\/\/yeeels.com\/wp-content\/uploads\/2019\/04\/02lesdunes-yeeels.jpg\",\"contentUrl\":\"https:\/\/yeeels.com\/wp-content\/uploads\/2019\/04\/02lesdunes-yeeels.jpg\",\"width\":360,\"height\":500},{\"@type\":\"BreadcrumbList\",\"@id\":\"https:\/\/yeeels.com\/services\/verdebeach#breadcrumb\",\"itemListElement\":[{\"@type\":\"ListItem\",\"position\":1,\"name\":\"Home\",\"item\":\"https:\/\/yeeels.com\/\"},{\"@type\":\"ListItem\",\"position\":2,\"name\":\"Services\",\"item\":\"https:\/\/yeeels.com\/services\"},{\"@type\":\"ListItem\",\"position\":3,\"name\":\"Verde Beach\"}]},{\"@type\":\"WebSite\",\"@id\":\"https:\/\/yeeels.com\/en\/#website\",\"url\":\"https:\/\/yeeels.com\/en\/\",\"name\":\"Yeeels group\",\"description\":\"Cr\u00e9ateur de lieux uniques.\",\"potentialAction\":[{\"@type\":\"SearchAction\",\"target\":{\"@type\":\"EntryPoint\",\"urlTemplate\":\"https:\/\/yeeels.com\/en\/?s={search_term_string}\"},\"query-input\":{\"@type\":\"PropertyValueSpecification\",\"valueRequired\":true,\"valueName\":\"search_term_string\"}}],\"inLanguage\":\"en-GB\"}]}<\/script>\n<!-- \/ Yoast SEO plugin. -->","yoast_head_json":{"title":"Verde Beach - Yeeels group","robots":{"index":"index","follow":"follow","max-snippet":"max-snippet:-1","max-image-preview":"max-image-preview:large","max-video-preview":"max-video-preview:-1"},"canonical":"https:\/\/yeeels.com\/en\/services\/verdebeach\/","og_locale":"en_GB","og_type":"article","og_title":"Verde Beach - Yeeels group","og_url":"https:\/\/yeeels.com\/en\/services\/verdebeach\/","og_site_name":"Yeeels group","article_modified_time":"2025-12-29T15:57:44+00:00","og_image":[{"width":360,"height":500,"url":"https:\/\/yeeels.com\/wp-content\/uploads\/2019\/04\/02lesdunes-yeeels.jpg","type":"image\/jpeg"}],"twitter_card":"summary_large_image","twitter_misc":{"Estimated reading time":"1 minute"},"schema":{"@context":"https:\/\/schema.org","@graph":[{"@type":"WebPage","@id":"https:\/\/yeeels.com\/services\/verdebeach","url":"https:\/\/yeeels.com\/services\/verdebeach","name":"Verde Beach - Yeeels group","isPartOf":{"@id":"https:\/\/yeeels.com\/en\/#website"},"primaryImageOfPage":{"@id":"https:\/\/yeeels.com\/services\/verdebeach#primaryimage"},"image":{"@id":"https:\/\/yeeels.com\/services\/verdebeach#primaryimage"},"thumbnailUrl":"https:\/\/yeeels.com\/wp-content\/uploads\/2019\/04\/02lesdunes-yeeels.jpg","datePublished":"2018-03-27T13:46:26+00:00","dateModified":"2025-12-29T15:57:44+00:00","breadcrumb":{"@id":"https:\/\/yeeels.com\/services\/verdebeach#breadcrumb"},"inLanguage":"en-GB","potentialAction":[{"@type":"ReadAction","target":["https:\/\/yeeels.com\/services\/verdebeach"]}]},{"@type":"ImageObject","inLanguage":"en-GB","@id":"https:\/\/yeeels.com\/services\/verdebeach#primaryimage","url":"https:\/\/yeeels.com\/wp-content\/uploads\/2019\/04\/02lesdunes-yeeels.jpg","contentUrl":"https:\/\/yeeels.com\/wp-content\/uploads\/2019\/04\/02lesdunes-yeeels.jpg","width":360,"height":500},{"@type":"BreadcrumbList","@id":"https:\/\/yeeels.com\/services\/verdebeach#breadcrumb","itemListElement":[{"@type":"ListItem","position":1,"name":"Home","item":"https:\/\/yeeels.com\/"},{"@type":"ListItem","position":2,"name":"Services","item":"https:\/\/yeeels.com\/services"},{"@type":"ListItem","position":3,"name":"Verde Beach"}]},{"@type":"WebSite","@id":"https:\/\/yeeels.com\/en\/#website","url":"https:\/\/yeeels.com\/en\/","name":"Yeeels group","description":"Cr\u00e9ateur de lieux uniques.","potentialAction":[{"@type":"SearchAction","target":{"@type":"EntryPoint","urlTemplate":"https:\/\/yeeels.com\/en\/?s={search_term_string}"},"query-input":{"@type":"PropertyValueSpecification","valueRequired":true,"valueName":"search_term_string"}}],"inLanguage":"en-GB"}]}},"_links":{"self":[{"href":"https:\/\/yeeels.com\/en\/wp-json\/wp\/v2\/pages\/9297","targetHints":{"allow":["GET"]}}],"collection":[{"href":"https:\/\/yeeels.com\/en\/wp-json\/wp\/v2\/pages"}],"about":[{"href":"https:\/\/yeeels.com\/en\/wp-json\/wp\/v2\/types\/page"}],"author":[{"embeddable":true,"href":"https:\/\/yeeels.com\/en\/wp-json\/wp\/v2\/users\/1"}],"replies":[{"embeddable":true,"href":"https:\/\/yeeels.com\/en\/wp-json\/wp\/v2\/comments?post=9297"}],"version-history":[{"count":15,"href":"https:\/\/yeeels.com\/en\/wp-json\/wp\/v2\/pages\/9297\/revisions"}],"predecessor-version":[{"id":13711,"href":"https:\/\/yeeels.com\/en\/wp-json\/wp\/v2\/pages\/9297\/revisions\/13711"}],"up":[{"embeddable":true,"href":"https:\/\/yeeels.com\/en\/wp-json\/wp\/v2\/pages\/44"}],"wp:featuredmedia":[{"embeddable":true,"href":"https:\/\/yeeels.com\/en\/wp-json\/wp\/v2\/media\/13707"}],"wp:attachment":[{"href":"https:\/\/yeeels.com\/en\/wp-json\/wp\/v2\/media?parent=9297"}],"curies":[{"name":"wp","href":"https:\/\/api.w.org\/{rel}","templated":true}]}}