{"id":9301,"date":"2018-03-27T13:47:49","date_gmt":"2018-03-27T13:47:49","guid":{"rendered":"https:\/\/www.demo.themicart.com\/interico-wp\/?page_id=9301"},"modified":"2023-01-23T13:48:02","modified_gmt":"2023-01-23T13:48:02","slug":"decorating","status":"publish","type":"page","link":"https:\/\/yeeels.com\/en\/services\/decorating","title":{"rendered":"Mamamia Paris"},"content":{"rendered":"<div class=\"vc_row wpb_row vc_row-fluid vc_custom_1537429440603\"><div class=\"wpb_column vc_column_container vc_col-sm-6\"><div class=\"vc_column-inner\"><div class=\"wpb_wrapper\"><span class=\"subtitle dash-true style-dark text-default\">Near to Champs Elys\u00e9es !<\/span>\n\t<div class=\"wpb_text_column wpb_content_element\" >\n\t\t<div class=\"wpb_wrapper\">\n\t\t\t<h2>Mamamia Parigi !<\/h2>\n\n\t\t<\/div>\n\t<\/div>\n\n\t<div class=\"wpb_text_column wpb_content_element\" >\n\t\t<div class=\"wpb_wrapper\">\n\t\t\t<p class=\"p1\"><span class=\"s1\">A brand new festive restaurant with Italian sauce opens its doors in Paris!<br \/>\n<\/span><span class=\"s1\">revisiting the most beautiful regions of Italy. And thus make you discover the culinary secrets of Tuscany in Puglia.<\/span><\/p>\n\n\t\t<\/div>\n\t<\/div>\n\n\t<div class=\"wpb_text_column wpb_content_element\" >\n\t\t<div class=\"wpb_wrapper\">\n\t\t\t<div class=\"panel-group light\" id=\"accordion-0\"><div class=\"panel\"><div class=\"panel-heading\"><h3 class=\"panel-title\"><a class=\"accordion-toggle in\" data-toggle=\"collapse\" data-parent=\"#accordion-0\" href=\"#collapse_0_La-Carte\">The Menu<\/a><\/h3><\/div><div id=\"collapse_0_La-Carte\" class=\"panel-collapse collapse in\"><div class=\"panel-body\"> Our executive chef has traveled all regions of Italy from Tuscany to Puglia to develop a unique Italian-inspired menu. In search of noble product and Italian excellence. But also to soak up the Famiglia spirit. With all that in the pot, the chef composes and you fill the bocca. As tasty as it is surprising, come and discover our menu, our linguine with caviar, arancini with foie gras or our famous bistecca alla Fiorentina.\nMamamia Paris has become in just a few months an icon of high-end Italian festive restaurants in Paris in the 8th arrondissement.<br \/>\nMamamia Paris est devenu en seulement quelques mois une ic\u00f4ne de la restauration festive italienne haut de gamme \u00e0 Paris dans le 8eme arrondissement.\n<p><\/p> <\/div><\/div><\/div><\/div>\n\n\t\t<\/div>\n\t<\/div>\n\n\t<div class=\"wpb_text_column wpb_content_element\" >\n\t\t<div class=\"wpb_wrapper\">\n\t\t\t<div class=\"panel-group light\" id=\"accordion-1\"><div class=\"panel\"><div class=\"panel-heading\"><h3 class=\"panel-title\"><a class=\"accordion-toggle in\" data-toggle=\"collapse\" data-parent=\"#accordion-1\" href=\"#collapse_1_Le-Design\">The Design<\/a><\/h3><\/div><div id=\"collapse_1_Le-Design\" class=\"panel-collapse collapse in\"><div class=\"panel-body\">\u00a0<span class=\"s1\">Cut stone and marble, in terracotta tones, matched with rattan reminiscent of contemporary Italian design from the 70's, antique furniture and large benches, the atmosphere is romantic, conducive to celebration.\u00a0<\/span>\n<p><\/p> <\/div><\/div><\/div><\/div>\n\n\t\t<\/div>\n\t<\/div>\n<\/div><\/div><\/div><div class=\"animate animate-1 wpb_column vc_column_container vc_col-sm-6\"><div class=\"vc_column-inner\"><div class=\"wpb_wrapper\"><!-- vc_grid start -->\n<div class=\"vc_grid-container-wrapper vc_clearfix\" >\n\t<div class=\"vc_grid-container vc_clearfix wpb_content_element vc_media_grid\" data-initial-loading-animation=\"fadeIn\" data-vc-grid-settings=\"{&quot;page_id&quot;:9301,&quot;style&quot;:&quot;all&quot;,&quot;action&quot;:&quot;vc_get_vc_grid_data&quot;,&quot;shortcode_id&quot;:&quot;{\\&quot;failed_to_get_id\\&quot;:\\&quot;vc_gid:1674481569283-a4624cd9-e598-7\\&quot;}&quot;,&quot;tag&quot;:&quot;vc_media_grid&quot;}\" data-vc-request=\"https:\/\/yeeels.com\/wp-admin\/admin-ajax.php\" data-vc-post-id=\"9301\" data-vc-public-nonce=\"c2fbdb902e\">\n\t\t\t<\/div>\n<\/div><!-- vc_grid end -->\n<\/div><\/div><\/div><\/div><div data-vc-full-width=\"true\" data-vc-full-width-init=\"false\" class=\"vc_row wpb_row vc_row-fluid spaced vc_custom_1536841498185 vc_row-has-fill\"><div class=\"wpb_column vc_column_container vc_col-sm-12\"><div class=\"vc_column-inner\"><div class=\"wpb_wrapper\"><span class=\"subtitle dash-false style-dark text-center\">festeggiare!<\/span>\n\t<div class=\"wpb_text_column wpb_content_element  animate\" >\n\t\t<div class=\"wpb_wrapper\">\n\t\t\t<h2 style=\"text-align: center;\">The Must?<br \/>\nLe club CosaNostra au sous-sol, pour prolonger l&rsquo;orgie romaine jusqu&rsquo;a l&rsquo;aube!<\/h2>\n\n\t\t<\/div>\n\t<\/div>\n<div class=\"dash style-dark centered\"><\/div><div class=\"vc_row wpb_row vc_inner vc_row-fluid vc_custom_1537429426280\"><div class=\"wpb_column vc_column_container vc_col-sm-4\"><div class=\"vc_column-inner\"><div class=\"wpb_wrapper\"><div class=\"feature-box icon-top-centered box-hovered spacing-30 spacing-mob-30\"><span class=\"lnr lnr-home\"><\/span><div class=\"content-wrapper\"><h3 class=\"feature-title\">Dolce Vita<\/h3><\/div><\/div><\/div><\/div><\/div><div class=\"wpb_column vc_column_container vc_col-sm-4\"><div class=\"vc_column-inner\"><div class=\"wpb_wrapper\"><div class=\"feature-box icon-top-centered box-hovered spacing-30 spacing-mob-30\"><span class=\"lnr lnr-star\"><\/span><div class=\"content-wrapper\"><h3 class=\"feature-title\">With or without reservation<\/h3><\/div><\/div><\/div><\/div><\/div><div class=\"wpb_column vc_column_container vc_col-sm-4\"><div class=\"vc_column-inner\"><div class=\"wpb_wrapper\"><div class=\"feature-box icon-top-centered box-hovered spacing-30 spacing-mob-30\"><span class=\"lnr lnr-leaf\"><\/span><div class=\"content-wrapper\"><h3 class=\"feature-title\">Made 100% tutta l'italia<\/h3><\/div><\/div><\/div><\/div><\/div><\/div><\/div><\/div><\/div><\/div><div class=\"vc_row-full-width vc_clearfix\"><\/div><div data-vc-full-width=\"true\" data-vc-full-width-init=\"false\" class=\"vc_row wpb_row vc_row-fluid spaced vc_custom_1537429431734 vc_row-has-fill\"><div class=\"wpb_column vc_column_container vc_col-sm-5\"><div class=\"vc_column-inner\"><div class=\"wpb_wrapper\"><span class=\"subtitle dash-true style-dark text-default\">event<\/span>\n\t<div class=\"wpb_text_column wpb_content_element  animate\" >\n\t\t<div class=\"wpb_wrapper\">\n\t\t\t<h2>Privatize?<\/h2>\n\n\t\t<\/div>\n\t<\/div>\n<\/div><\/div><\/div><div class=\"wpb_column vc_column_container vc_col-sm-7\"><div class=\"vc_column-inner\"><div class=\"wpb_wrapper\">\n\t<div class=\"wpb_text_column wpb_content_element\" >\n\t\t<div class=\"wpb_wrapper\">\n\t\t\t<ul class=\"nav nav-tabs style-accent light\" id=\"custom-tabs-74\"><li class=\"active\"><a href=\"#custom-tab-0-En-details\"  data-toggle=\"tab\">In detail<\/a><\/li><\/ul><div class=\"tab-content style-accent\"><div id=\"custom-tab-0-En-details\" class=\"tab-pane animated fadeIn active\"><\/div>\n<p class=\"p1\"><span class=\"s1\">In the heart of the triangle organize your events, dinners, interviews,\u00a0<\/span><span class=\"s1\">in a trendy restaurant in Paris, where you can enjoy the bar.<\/span><\/p>\n<p class=\"p1\"><span class=\"s1\">AVAILABILITY ON REQUEST<br \/>\n<\/span><span class=\"s1\">Total Surface: 90m2<br \/>\n<\/span><span class=\"s1\">Capacity: 15 to 100 pax<br \/>\n<\/span><span class=\"s1\">Format: sitting dinner, cocktail, room rental<br \/>\n<\/span><span class=\"s1\">* other formats available<\/span><\/p>\n<p class=\"p1\"><span class=\"s1\">In the heart of the golden triangle, organize your events, dinners, interviews,<br \/>\n<\/span><span class=\"s1\">in the brand new festive restaurant in Paris, where you can enjoy the restaurant, <\/span><span class=\"s1\">or the CosaNostra club, and if you're crazy, both!<\/span><\/p>\n<p class=\"p1\"><span class=\"s1\">To plan a private party, Mamamia responds to all your requests<br \/>\n<\/span><span class=\"s1\">de privatisation du restaurant sur-mesure\u2026<\/span><\/p>\n<p class=\"p3\"><span class=\"s1\">To learn more, download our brochure:<\/span><\/p>\n<p><\/p><\/div>\n\n\t\t<\/div>\n\t<\/div>\n<\/div><\/div><\/div><\/div><div class=\"vc_row-full-width vc_clearfix\"><\/div><div class=\"vc_row wpb_row vc_row-fluid\"><div class=\"wpb_column vc_column_container vc_col-sm-12\"><div class=\"vc_column-inner\"><div class=\"wpb_wrapper\"><div class=\"divider-light\"><\/div><\/div><\/div><\/div><\/div>","protected":false},"excerpt":{"rendered":"A 2 pas des Champs Elys\u00e9es ! Mamamia Parigi ! Un tout nouveau restaurant festif \u00e0 la sauce italienne ouvre ses portes \u00e0 Paris ! revisitant les plus belles r\u00e9gions de l'Italie. Et ainsi vous faire d\u00e9couvrir les secrets culinaires de la toscane aux pouilles. La Carte Notre chef executif \u00e0 parcouru toutes les r\u00e9gions [...]","protected":false},"author":1,"featured_media":13879,"parent":44,"menu_order":0,"comment_status":"closed","ping_status":"closed","template":"","meta":{"footnotes":""},"class_list":["post-9301","page","type-page","status-publish","has-post-thumbnail","hentry"],"yoast_head":"<!-- This site is optimized with the Yoast SEO plugin v26.6 - https:\/\/yoast.com\/wordpress\/plugins\/seo\/ -->\n<title>Mamamia Paris - Yeeels group<\/title>\n<meta name=\"robots\" content=\"index, follow, max-snippet:-1, max-image-preview:large, max-video-preview:-1\" \/>\n<link rel=\"canonical\" href=\"https:\/\/yeeels.com\/en\/services\/decorating\" \/>\n<meta property=\"og:locale\" content=\"en_GB\" \/>\n<meta property=\"og:type\" content=\"article\" \/>\n<meta property=\"og:title\" content=\"Mamamia Paris - Yeeels group\" \/>\n<meta property=\"og:url\" content=\"https:\/\/yeeels.com\/en\/services\/decorating\" \/>\n<meta property=\"og:site_name\" content=\"Yeeels group\" \/>\n<meta property=\"article:modified_time\" content=\"2023-01-23T13:48:02+00:00\" \/>\n<meta property=\"og:image\" content=\"https:\/\/yeeels.com\/wp-content\/uploads\/2021\/11\/Mamamia-restaurantparis8.jpg\" \/>\n\t<meta property=\"og:image:width\" content=\"2048\" \/>\n\t<meta property=\"og:image:height\" content=\"1365\" \/>\n\t<meta property=\"og:image:type\" content=\"image\/jpeg\" \/>\n<meta name=\"twitter:card\" content=\"summary_large_image\" \/>\n<meta name=\"twitter:label1\" content=\"Estimated reading time\" \/>\n\t<meta name=\"twitter:data1\" content=\"3 minutes\" \/>\n<script type=\"application\/ld+json\" class=\"yoast-schema-graph\">{\"@context\":\"https:\/\/schema.org\",\"@graph\":[{\"@type\":\"WebPage\",\"@id\":\"https:\/\/yeeels.com\/en\/services\/decorating\",\"url\":\"https:\/\/yeeels.com\/en\/services\/decorating\",\"name\":\"Mamamia Paris - Yeeels group\",\"isPartOf\":{\"@id\":\"https:\/\/yeeels.com\/en\/#website\"},\"primaryImageOfPage\":{\"@id\":\"https:\/\/yeeels.com\/en\/services\/decorating#primaryimage\"},\"image\":{\"@id\":\"https:\/\/yeeels.com\/en\/services\/decorating#primaryimage\"},\"thumbnailUrl\":\"https:\/\/yeeels.com\/wp-content\/uploads\/2021\/11\/Mamamia-restaurantparis8.jpg\",\"datePublished\":\"2018-03-27T13:47:49+00:00\",\"dateModified\":\"2023-01-23T13:48:02+00:00\",\"breadcrumb\":{\"@id\":\"https:\/\/yeeels.com\/en\/services\/decorating#breadcrumb\"},\"inLanguage\":\"en-GB\",\"potentialAction\":[{\"@type\":\"ReadAction\",\"target\":[\"https:\/\/yeeels.com\/en\/services\/decorating\"]}]},{\"@type\":\"ImageObject\",\"inLanguage\":\"en-GB\",\"@id\":\"https:\/\/yeeels.com\/en\/services\/decorating#primaryimage\",\"url\":\"https:\/\/yeeels.com\/wp-content\/uploads\/2021\/11\/Mamamia-restaurantparis8.jpg\",\"contentUrl\":\"https:\/\/yeeels.com\/wp-content\/uploads\/2021\/11\/Mamamia-restaurantparis8.jpg\",\"width\":2048,\"height\":1365},{\"@type\":\"BreadcrumbList\",\"@id\":\"https:\/\/yeeels.com\/en\/services\/decorating#breadcrumb\",\"itemListElement\":[{\"@type\":\"ListItem\",\"position\":1,\"name\":\"Home\",\"item\":\"https:\/\/yeeels.com\/\"},{\"@type\":\"ListItem\",\"position\":2,\"name\":\"Services\",\"item\":\"https:\/\/yeeels.com\/services\"},{\"@type\":\"ListItem\",\"position\":3,\"name\":\"Mamamia Paris\"}]},{\"@type\":\"WebSite\",\"@id\":\"https:\/\/yeeels.com\/en\/#website\",\"url\":\"https:\/\/yeeels.com\/en\/\",\"name\":\"Yeeels group\",\"description\":\"Cr\u00e9ateur de lieux uniques.\",\"potentialAction\":[{\"@type\":\"SearchAction\",\"target\":{\"@type\":\"EntryPoint\",\"urlTemplate\":\"https:\/\/yeeels.com\/en\/?s={search_term_string}\"},\"query-input\":{\"@type\":\"PropertyValueSpecification\",\"valueRequired\":true,\"valueName\":\"search_term_string\"}}],\"inLanguage\":\"en-GB\"}]}<\/script>\n<!-- \/ Yoast SEO plugin. -->","yoast_head_json":{"title":"Mamamia Paris - Yeeels group","robots":{"index":"index","follow":"follow","max-snippet":"max-snippet:-1","max-image-preview":"max-image-preview:large","max-video-preview":"max-video-preview:-1"},"canonical":"https:\/\/yeeels.com\/en\/services\/decorating","og_locale":"en_GB","og_type":"article","og_title":"Mamamia Paris - Yeeels group","og_url":"https:\/\/yeeels.com\/en\/services\/decorating","og_site_name":"Yeeels group","article_modified_time":"2023-01-23T13:48:02+00:00","og_image":[{"width":2048,"height":1365,"url":"https:\/\/yeeels.com\/wp-content\/uploads\/2021\/11\/Mamamia-restaurantparis8.jpg","type":"image\/jpeg"}],"twitter_card":"summary_large_image","twitter_misc":{"Estimated reading time":"3 minutes"},"schema":{"@context":"https:\/\/schema.org","@graph":[{"@type":"WebPage","@id":"https:\/\/yeeels.com\/en\/services\/decorating","url":"https:\/\/yeeels.com\/en\/services\/decorating","name":"Mamamia Paris - Yeeels group","isPartOf":{"@id":"https:\/\/yeeels.com\/en\/#website"},"primaryImageOfPage":{"@id":"https:\/\/yeeels.com\/en\/services\/decorating#primaryimage"},"image":{"@id":"https:\/\/yeeels.com\/en\/services\/decorating#primaryimage"},"thumbnailUrl":"https:\/\/yeeels.com\/wp-content\/uploads\/2021\/11\/Mamamia-restaurantparis8.jpg","datePublished":"2018-03-27T13:47:49+00:00","dateModified":"2023-01-23T13:48:02+00:00","breadcrumb":{"@id":"https:\/\/yeeels.com\/en\/services\/decorating#breadcrumb"},"inLanguage":"en-GB","potentialAction":[{"@type":"ReadAction","target":["https:\/\/yeeels.com\/en\/services\/decorating"]}]},{"@type":"ImageObject","inLanguage":"en-GB","@id":"https:\/\/yeeels.com\/en\/services\/decorating#primaryimage","url":"https:\/\/yeeels.com\/wp-content\/uploads\/2021\/11\/Mamamia-restaurantparis8.jpg","contentUrl":"https:\/\/yeeels.com\/wp-content\/uploads\/2021\/11\/Mamamia-restaurantparis8.jpg","width":2048,"height":1365},{"@type":"BreadcrumbList","@id":"https:\/\/yeeels.com\/en\/services\/decorating#breadcrumb","itemListElement":[{"@type":"ListItem","position":1,"name":"Home","item":"https:\/\/yeeels.com\/"},{"@type":"ListItem","position":2,"name":"Services","item":"https:\/\/yeeels.com\/services"},{"@type":"ListItem","position":3,"name":"Mamamia Paris"}]},{"@type":"WebSite","@id":"https:\/\/yeeels.com\/en\/#website","url":"https:\/\/yeeels.com\/en\/","name":"Yeeels group","description":"Cr\u00e9ateur de lieux uniques.","potentialAction":[{"@type":"SearchAction","target":{"@type":"EntryPoint","urlTemplate":"https:\/\/yeeels.com\/en\/?s={search_term_string}"},"query-input":{"@type":"PropertyValueSpecification","valueRequired":true,"valueName":"search_term_string"}}],"inLanguage":"en-GB"}]}},"_links":{"self":[{"href":"https:\/\/yeeels.com\/en\/wp-json\/wp\/v2\/pages\/9301","targetHints":{"allow":["GET"]}}],"collection":[{"href":"https:\/\/yeeels.com\/en\/wp-json\/wp\/v2\/pages"}],"about":[{"href":"https:\/\/yeeels.com\/en\/wp-json\/wp\/v2\/types\/page"}],"author":[{"embeddable":true,"href":"https:\/\/yeeels.com\/en\/wp-json\/wp\/v2\/users\/1"}],"replies":[{"embeddable":true,"href":"https:\/\/yeeels.com\/en\/wp-json\/wp\/v2\/comments?post=9301"}],"version-history":[{"count":20,"href":"https:\/\/yeeels.com\/en\/wp-json\/wp\/v2\/pages\/9301\/revisions"}],"predecessor-version":[{"id":13969,"href":"https:\/\/yeeels.com\/en\/wp-json\/wp\/v2\/pages\/9301\/revisions\/13969"}],"up":[{"embeddable":true,"href":"https:\/\/yeeels.com\/en\/wp-json\/wp\/v2\/pages\/44"}],"wp:featuredmedia":[{"embeddable":true,"href":"https:\/\/yeeels.com\/en\/wp-json\/wp\/v2\/media\/13879"}],"wp:attachment":[{"href":"https:\/\/yeeels.com\/en\/wp-json\/wp\/v2\/media?parent=9301"}],"curies":[{"name":"wp","href":"https:\/\/api.w.org\/{rel}","templated":true}]}}